{"id":40,"date":"2008-05-22T23:02:13","date_gmt":"2008-05-22T21:02:13","guid":{"rendered":"http:\/\/v-74.de\/Reisen\/?page_id=40"},"modified":"2019-04-05T22:02:54","modified_gmt":"2019-04-05T21:02:54","slug":"copyright","status":"publish","type":"page","link":"https:\/\/reisen.v-74.de\/?page_id=40","title":{"rendered":"Kontakt"},"content":{"rendered":"<p>Ein G\u00e4stebuch hat die Crew nicht, aber es k\u00f6nnen alle Beitr\u00e4ge kommentiert werden. Dazu ist eine Registrierung mit Name und E-Mail Adresse erforderlich. Dies ist nur erforderlich, um Spam zu vermeiden. Wir verwerten diese Daten in keiner Weise und geben sie an niemanden weiter. Wer sich registrieren m\u00f6chte, kontaktiert uns bitte direkt.<\/p>\n<p>Die Betreiber dieser Homepage sind erreichbar \u00fcber <a href=\"mailto:reisen@v-74.de\">E-mail<\/a>.<\/p>\n","protected":false},"excerpt":{"rendered":"<p>Ein G\u00e4stebuch hat die Crew nicht, aber es k\u00f6nnen alle Beitr\u00e4ge kommentiert werden. Dazu ist eine Registrierung mit Name und E-Mail Adresse erforderlich. Dies ist nur erforderlich, um Spam zu vermeiden. Wir verwerten diese Daten in keiner Weise und geben sie an niemanden weiter. Wer sich registrieren m\u00f6chte, kontaktiert uns bitte direkt. Die Betreiber dieser &hellip; <a href=\"https:\/\/reisen.v-74.de\/?page_id=40\" class=\"more-link\"><span class=\"screen-reader-text\">Kontakt<\/span> weiterlesen <span class=\"meta-nav\">&rarr;<\/span><\/a><\/p>\n","protected":false},"author":2,"featured_media":0,"parent":0,"menu_order":3,"comment_status":"open","ping_status":"closed","template":"","meta":{"footnotes":""},"_links":{"self":[{"href":"https:\/\/reisen.v-74.de\/index.php?rest_route=\/wp\/v2\/pages\/40"}],"collection":[{"href":"https:\/\/reisen.v-74.de\/index.php?rest_route=\/wp\/v2\/pages"}],"about":[{"href":"https:\/\/reisen.v-74.de\/index.php?rest_route=\/wp\/v2\/types\/page"}],"author":[{"embeddable":true,"href":"https:\/\/reisen.v-74.de\/index.php?rest_route=\/wp\/v2\/users\/2"}],"replies":[{"embeddable":true,"href":"https:\/\/reisen.v-74.de\/index.php?rest_route=%2Fwp%2Fv2%2Fcomments&post=40"}],"version-history":[{"count":0,"href":"https:\/\/reisen.v-74.de\/index.php?rest_route=\/wp\/v2\/pages\/40\/revisions"}],"wp:attachment":[{"href":"https:\/\/reisen.v-74.de\/index.php?rest_route=%2Fwp%2Fv2%2Fmedia&parent=40"}],"curies":[{"name":"wp","href":"https:\/\/api.w.org\/{rel}","templated":true}]}}