{"id":276,"date":"2010-05-14T13:40:47","date_gmt":"2010-05-14T11:40:47","guid":{"rendered":"http:\/\/v-74.de\/Reisen\/?page_id=276"},"modified":"2013-12-15T17:05:41","modified_gmt":"2013-12-15T16:05:41","slug":"im-gepack","status":"publish","type":"page","link":"https:\/\/reisen.v-74.de\/?page_id=276","title":{"rendered":"Im Gep\u00e4ck"},"content":{"rendered":"<!-- Beginning of Link Library Output --><div id='linklist5' class='linklist'><!-- Div Linklist -->\n<div class=\"LinkLibraryCat LinkLibraryCat247 level0\"><!-- Div Category --><div id=\"laenderinformationen\"><!-- Div Category Name --><div class=\"linklistcatname\"><!-- Div Cat Name --><span class=\"linklistcatclass\">L\u00e4nderinformationen<\/span><\/div><!-- DivOrHeader --><\/div><!-- Div Category Name -->\n\t<ul>\n<li><a href=\"http:\/\/www.cybercafe.com\/\" id=\"link-3236\" class=\"track_this_link \" rel=\"noopener noreferrer nofollow\" target=\"_blank\">Cybercafes<\/a>\n<i> - Internetcaf\u00e9s weltweit<\/i><\/li>\n<li><a href=\"http:\/\/www.gesundes-reisen.de\" id=\"link-3228\" class=\"track_this_link \" rel=\"noopener noreferrer nofollow\" target=\"_blank\">Gesundes Reisen<\/a>\n<i> - Reisemedizinisches Zentrum am Bernhard-Nocht-Institut<\/i><\/li>\n<li><a href=\"https:\/\/de.wikipedia.org\/wiki\/L%C3%A4nder%C3%BCbersicht_Steckertypen,_Netzspannungen_und_-frequenzen\" id=\"link-3243\" class=\"track_this_link \" rel=\"noopener noreferrer nofollow\" target=\"_blank\">L\u00e4nder\u00fcbersicht Steckertypen, Netzspannungen und -frequenzen<\/a>\n<i> - <\/i><\/li>\n<li><a href=\"http:\/\/www.nhc.noaa.gov\/\" id=\"link-3227\" class=\"track_this_link \" rel=\"noopener noreferrer nofollow\" target=\"_blank\">National Hurricane Center<\/a>\n<i> - Hurrikan Warnungen f\u00fcr den Atlantik und Ostpazifik<\/i><\/li>\n<li><a href=\"http:\/\/www.auswaertiges-amt.de\/DE\/Laenderinformationen\/Uebersicht_Navi.html\" id=\"link-3220\" class=\"track_this_link \" rel=\"noopener noreferrer nofollow\" target=\"_blank\">Reise und Sicherheitshinweise vom Ausw\u00e4rtigen Amt der Bundesrepublik Deutschland<\/a>\n<i> - <\/i><\/li>\n<li><a href=\"https:\/\/www.cia.gov\/library\/publications\/the-world-factbook\/\" id=\"link-3219\" class=\"track_this_link \" rel=\"noopener noreferrer nofollow\" target=\"_blank\">The World Factbook<\/a>\n<i> - Der CIA stellt im Internet eine gro\u00dfartige \u00dcbersicht \u00fcber die L\u00e4nder der Erde zur Verf\u00fcgung (auf Englisch)<\/i><\/li>\n\t<\/ul>\n<\/div><!-- Div End Category -->\n<div class=\"LinkLibraryCat LinkLibraryCat241 level0\"><!-- Div Category --><div id=\"lektuere\"><!-- Div Category Name --><div class=\"linklistcatname\"><!-- Div Cat Name --><span class=\"linklistcatclass\">Lekt\u00fcre<\/span><\/div><!-- DivOrHeader --><\/div><!-- Div Category Name -->\n\t<ul>\n<li><a href=\"http:\/\/books.google.de\/books?id=qytOAAAAYAAJ&amp;printsec=frontcover&amp;dq=Chamisso&amp;hl=de&amp;ei=qrVlTMepA5WTjAeYw4TtCw&amp;sa=X&amp;oi=book_result&amp;ct=result&amp;resnum=3&amp;ved=0CDYQ6AEwAjgK#v=onepage&amp;q&amp;f=false\" id=\"link-3198\" class=\"track_this_link \" rel=\"noopener noreferrer nofollow\" target=\"_blank\">Adelbert von Chamisso: \u00dcber die hawaiische Sprache<\/a>\n<i> - <\/i><\/li>\n<li><a href=\"http:\/\/www.zeno.org\/Geschichte\/M\/Meyer,+Eduard\/Geschichte+des+Altertums\/Zweiter+Band.+Zweite+Abteilung%3A+Der+Orient+vom+zw%C3%B6lften+bis+zur+Mitte+des+achten+Jahrhunderts\/V.+Geschichte+der+Israeliten+bis+zur+Absetzung+des+j%C3%BCdischen+K%C3%B6nigtums\" id=\"link-3152\" class=\"track_this_link \" rel=\"noopener noreferrer nofollow\" target=\"_blank\">Eduard Meyer: Die Geschichte des Altertums<\/a>\n<i> - 2. Band, 2. Abt., V, Die Erz\u00e4hlungen von der Vorgeschichte Israels. Moses<\/i><\/li>\n<li><a href=\"http:\/\/www.handlungsreisen.de\/\" id=\"link-3240\" class=\"track_this_link \" rel=\"noopener noreferrer nofollow\" target=\"_blank\">Handlungsreisen<\/a>\n<i> - Eine Webseite, die auf einer Weltkarte darstellt, wo die Handlung einzelner B\u00fccher spielt.<\/i><\/li>\n<li><a href=\"http:\/\/www.zeno.org\/Literatur\/M\/Goethe,+Johann+Wolfgang\/Gedichte\/West-%C3%B6stlicher+Divan\/Noten+und+Abhandlungen+...\/Israel+in+der+W%C3%BCste\" id=\"link-3155\" class=\"track_this_link \" rel=\"noopener noreferrer nofollow\" target=\"_blank\">Johann Wolfgang von Goethe: West-\u00d6stlicher Divan, Noten und Abhandlungen<\/a>\n<i> - Israel in der W\u00fcste<\/i><\/li>\n<li><a href=\"http:\/\/www.zeno.org\/Philosophie\/M\/Marx,+Karl\/Das+revolution%C3%A4re+Spanien\" id=\"link-3196\" class=\"track_this_link \" rel=\"noopener noreferrer nofollow\" target=\"_blank\">Karl Marx: &quot;Das revolution\u00e4re Spanien&quot;<\/a>\n<i> - \u00dcberraschender Fund auf der Suche nach Lekt\u00fcre zu Galicien<\/i><\/li>\n<li><a href=\"http:\/\/www.zeno.org\/Philosophie\/M\/Spinoza,+Baruch+de\/Theologisch-politische+Abhandlung\/1.+Kapitel\" id=\"link-3153\" class=\"track_this_link \" rel=\"noopener noreferrer nofollow\" target=\"_blank\">Spinoza: Theologisch-politische Abhandlung, 1. Kapitel<\/a>\n<i> - \u00dcber die Weissagung<\/i><\/li>\n<li><a href=\"http:\/\/www.zeno.org\/Philosophie\/M\/Hobbes,+Thomas\/Grundz%C3%BCge+der+Philosophie\/Lehre+vom+B%C3%BCrger\/Religion\/16.+Von+dem+Reich+Gottes+nach+dem+Alten+Testament\" id=\"link-3154\" class=\"track_this_link \" rel=\"noopener noreferrer nofollow\">Thomas Hobbes: Grundz\u00fcge der Philosophie, Religion, Kapitel 16<\/a>\n<i> - Von dem Reich Gottes nach dem Alten Testament<\/i><\/li>\n\t<\/ul>\n<\/div><!-- Div End Category -->\n<div class=\"LinkLibraryCat LinkLibraryCat240 level0\"><!-- Div Category --><div id=\"sprachkurse\"><!-- Div Category Name --><div class=\"linklistcatname\"><!-- Div Cat Name --><span class=\"linklistcatclass\">Sprachkurse<\/span><\/div><!-- DivOrHeader --><\/div><!-- Div Category Name -->\n\t<ul>\n<li><a href=\"http:\/\/books.google.de\/books?id=qytOAAAAYAAJ&amp;printsec=frontcover&amp;dq=Chamisso&amp;hl=de&amp;ei=qrVlTMepA5WTjAeYw4TtCw&amp;sa=X&amp;oi=book_result&amp;ct=result&amp;resnum=3&amp;ved=0CDYQ6AEwAjgK#v=onepage&amp;q&amp;f=false\" id=\"link-3198\" class=\"track_this_link \" rel=\"noopener noreferrer nofollow\" target=\"_blank\">Adelbert von Chamisso: \u00dcber die hawaiische Sprache<\/a>\n<i> - <\/i><\/li>\n<li><a href=\"http:\/\/www.lessan.de\" id=\"link-3190\" class=\"track_this_link \" rel=\"noopener noreferrer nofollow\" target=\"_blank\">Arabisch W\u00f6rterbuch<\/a>\n<i> - <\/i><\/li>\n<li><a href=\"http:\/\/radiolingua.com\/shows\/spanish\/coffee-break-spanish\/\" id=\"link-3194\" class=\"track_this_link \" rel=\"noopener noreferrer nofollow\" target=\"_blank\">Coffee Break Spanish<\/a>\n<i> - Unterhaltsamer Spanisch-Kurs als Podcast mit schottischem Akzent<\/i><\/li>\n<li><a href=\"http:\/\/www.dailyfrenchpod.com\/\" id=\"link-3229\" class=\"track_this_link \" rel=\"noopener noreferrer nofollow\" target=\"_blank\">Daily French Pod<\/a>\n<i> - Podcast zum Franz\u00f6sisch lernen<\/i><\/li>\n<li><a href=\"http:\/\/lexicorient.com\/babel\/arabic\/index.htm\" id=\"link-3188\" class=\"track_this_link \" rel=\"noopener noreferrer nofollow\" target=\"_blank\">LookLex \/ Course \/ Arabic<\/a>\n<i> - Ein Arabischkurs<\/i><\/li>\n<li><a href=\"http:\/\/www.madinaharabic.com\/\" id=\"link-3189\" class=\"track_this_link \" rel=\"noopener noreferrer nofollow\" target=\"_blank\">Madinah Arabic<\/a>\n<i> - Online Arabischkurs<\/i><\/li>\n\t<\/ul>\n<\/div><!-- Div End Category -->\n<div class=\"LinkLibraryCat LinkLibraryCat242 level0\"><!-- Div Category --><div id=\"verkehrsinformation\"><!-- Div Category Name --><div class=\"linklistcatname\"><!-- Div Cat Name --><span class=\"linklistcatclass\">Verkehrsinformation<\/span><\/div><!-- DivOrHeader --><\/div><!-- Div Category Name -->\n\t<ul>\n<li><a href=\"http:\/\/earthquake.usgs.gov\/earthquakes\/map\/\" id=\"link-3193\" class=\"track_this_link \" rel=\"noopener noreferrer nofollow\" target=\"_blank\">Aktuelle Erdbeben in den USA<\/a>\n<i> - <\/i><\/li>\n<li><a href=\"http:\/\/www.bahamasferries.com\/\" id=\"link-3237\" class=\"track_this_link \" rel=\"noopener noreferrer nofollow\">Bahamas Ferries<\/a>\n<i> - F\u00e4hren auf den Bahamas<\/i><\/li>\n<li><a href=\"http:\/\/www.zeitzonen.de\/\" id=\"link-3200\" class=\"track_this_link \" rel=\"noopener noreferrer nofollow\" target=\"_blank\">Die aktuelle Uhrzeit f\u00fcr jeden Ort der Welt<\/a>\n<i> - <\/i><\/li>\n<li><a href=\"http:\/\/www.flightstats.com\/go\/Home\/home.do\" id=\"link-3195\" class=\"track_this_link \" rel=\"noopener noreferrer nofollow\" target=\"_blank\">Track Flight Status<\/a>\n<i> - Zeigt den Status von Fl\u00fcgen und Flugh\u00e4fen weltweit<\/i><\/li>\n<li><a href=\"http:\/\/www.comune.venezia.it\/flex\/cm\/pages\/ServeBLOB.php\/L\/EN\/IDPagina\/1748\" id=\"link-3230\" class=\"track_this_link \" rel=\"noopener noreferrer nofollow\" target=\"_blank\">Wasserstandsvorhersage f\u00fcr Venedig<\/a>\n<i> - Vorhersage f\u00fcr die n\u00e4chsten 3 Tage<\/i><\/li>\n\t<\/ul>\n<\/div><!-- Div End Category -->\n<script type='text\/javascript'>\njQuery(document).ready(function()\n{\njQuery('.arrow-up').hide();\njQuery('#linklist5 a.track_this_link').click(function() {\nlinkid = this.id;\nlinkid = linkid.substring(5);\npath = '';\njQuery.ajax( {    type: 'POST',    url: 'https:\/\/reisen.v-74.de\/wp-admin\/admin-ajax.php',     data: { action: 'link_library_tracker',             _ajax_nonce: 'e4a13f08ff',             id:linkid, xpath:path }     });\nreturn true;\n});\njQuery('#linklist5 .expandlinks').click(function() {\ntarget = '.' + jQuery(this).attr('id');\nsubcattarget = '.' + jQuery(this).attr('data-subcat');\nif ( jQuery( target ).is(':visible') ) {\njQuery(target).slideUp();\njQuery(subcattarget).slideToggle();\njQuery(this).children('img').attr('src', 'https:\/\/reisen.v-74.de\/wp-content\/plugins\/link-library\/icons\/expand-32.png');\n} else {\njQuery(target).slideDown();\njQuery(subcattarget).slideToggle();\njQuery(this).children('img').attr('src', 'https:\/\/reisen.v-74.de\/wp-content\/plugins\/link-library\/icons\/collapse-32.png');\n}\n});\njQuery('#linklist5 .linklistcatclass').click(function() {\njQuery(this).siblings('.expandlinks').click();\n});\njQuery('#linklist5 .linklistcatnamedesc').click(function() {\njQuery(this).siblings('.expandlinks').click();\n});\n});\n<\/script>\n<\/div><!-- Div Linklist -->\n<!-- End of Link Library Output -->\n\n\n<p>&nbsp;<\/p>\n","protected":false},"excerpt":{"rendered":"<p>&nbsp;<\/p>\n","protected":false},"author":2,"featured_media":0,"parent":0,"menu_order":0,"comment_status":"open","ping_status":"closed","template":"","meta":{"footnotes":""},"_links":{"self":[{"href":"https:\/\/reisen.v-74.de\/index.php?rest_route=\/wp\/v2\/pages\/276"}],"collection":[{"href":"https:\/\/reisen.v-74.de\/index.php?rest_route=\/wp\/v2\/pages"}],"about":[{"href":"https:\/\/reisen.v-74.de\/index.php?rest_route=\/wp\/v2\/types\/page"}],"author":[{"embeddable":true,"href":"https:\/\/reisen.v-74.de\/index.php?rest_route=\/wp\/v2\/users\/2"}],"replies":[{"embeddable":true,"href":"https:\/\/reisen.v-74.de\/index.php?rest_route=%2Fwp%2Fv2%2Fcomments&post=276"}],"version-history":[{"count":0,"href":"https:\/\/reisen.v-74.de\/index.php?rest_route=\/wp\/v2\/pages\/276\/revisions"}],"wp:attachment":[{"href":"https:\/\/reisen.v-74.de\/index.php?rest_route=%2Fwp%2Fv2%2Fmedia&parent=276"}],"curies":[{"name":"wp","href":"https:\/\/api.w.org\/{rel}","templated":true}]}}