{"id":2011,"date":"2014-02-03T13:26:29","date_gmt":"2014-02-03T20:26:29","guid":{"rendered":"https:\/\/reisen.lorrikeet.de\/?page_id=2011"},"modified":"2014-03-20T14:36:38","modified_gmt":"2014-03-20T21:36:38","slug":"packliste-fuer-boots-charter-in-warmen-gewaessern","status":"publish","type":"page","link":"https:\/\/reisen.v-74.de\/?page_id=2011","title":{"rendered":"Packliste f\u00fcr Boots-Charter in warmen Gew\u00e4ssern"},"content":{"rendered":"<p>Die folgende Liste ist auf unserer Chartertour in den Bahamas entstanden und enth\u00e4lt die Dinge, die wir als Ausstattung f\u00fcr eine Segeltour auf einem Charterboot in warmen Gew\u00e4ssern f\u00fcr notwendig erachten<\/p>\n<h3>Dokumente<\/h3>\n<ul>\n<li>Reisepass<\/li>\n<li>Chartervertrag<\/li>\n<li>\u00dcbernahmecheckliste f\u00fcr Charterboote<\/li>\n<li>W\u00f6rterbuch mit nautischen Begriffen und Redewendungen<\/li>\n<li>Sportbootf\u00fchrerschein und Segelscheine (wollte von uns keiner mehr sehen, aber sicher ist sicher&#8230;)<\/li>\n<li>Adresse und Wegbeschreibung zur Charterbasis \/ Hafen, ggf. in Landessprache f\u00fcr den Taxifahrer<\/li>\n<li>Telefonnummer der Charterbasis<\/li>\n<\/ul>\n<h3>Navigationsausr\u00fcstung<\/h3>\n<ul>\n<li>Revierf\u00fchrer<\/li>\n<li>alternatives GPS,\u00a0 z.B. Tablet mit GPS\u00a0 (Funktion unbedingt vorher mit dem Kartenprogramm pr\u00fcfen!)<\/li>\n<li>kleines leistungsf\u00e4higes Fernglas (das an Bord mag gr\u00f6\u00dfer sein, aber sicher nicht besser)<\/li>\n<li>Weltempf\u00e4nger<\/li>\n<\/ul>\n<h3>Technische Ausr\u00fcstung<\/h3>\n<ul>\n<li>kleine wasserfeste Taschenlampe<\/li>\n<li>Takelmesser<\/li>\n<li>wasserdichte Tasche f\u00fcr Landausfl\u00fcge mit dem Dinghi (z.B. von Ortlieb)<\/li>\n<li>Schloss f\u00fcr das Dinghi (z.B. Fahrradspiralschloss)<\/li>\n<li>breites Duct-Tape<\/li>\n<\/ul>\n<h3>Pers\u00f6nliche Ausr\u00fcstung<\/h3>\n<h4>Segelausr\u00fcstung<\/h4>\n<ul>\n<li>Segelhandschuhe<\/li>\n<li>Sonnenbrille mit Polfilter<\/li>\n<li>ohnmachtssichere Schwimmwesten (vorsichtshalber vorher bei der Fluggesellschaft anmelden!)<\/li>\n<li>wasserfestes Pflaster<\/li>\n<li>Dschungelsalbe (kann selbst zu Hause angemischt werden aus Bepanthen mit Teebaum\u00f6l und ist gut f\u00fcr kleine Wunden und Hautabsch\u00fcrfungen statt Pflaster)<\/li>\n<li>W\u00e4scheleine und W\u00e4scheklammern (Relingsdurchz\u00fcge neigen zum Rosten)<\/li>\n<\/ul>\n<h4>K\u00f6rperpflege<\/h4>\n<ul>\n<li>Sonnenschutzcreme (30+) und After-Sun<\/li>\n<li>M\u00fcckenschutz<\/li>\n<li>Waschlappen<\/li>\n<li>St\u00fcck Seife<\/li>\n<\/ul>\n<h4>Bekleidung<\/h4>\n<ul>\n<li>Sonnenhut<\/li>\n<li>Schorchelshirt<\/li>\n<li>Strandschuhe aus Neopren (zum Schnorcheln, f\u00fcr Strandspazierg\u00e4nge und Landausfl\u00fcge mit dem Dinghi)<\/li>\n<li>evtl. wasserfeste Sandalen f\u00fcr Landausfl\u00fcge mit dem Dinghi<\/li>\n<li>Badebekleidung<\/li>\n<li>Kleidung, die schnell \u00fcber Badeanzug \/ Badehose gezogen werden kann (f\u00fcr Landausfl\u00fcge mit dem Dinghi, da man im Dinghi schnell nass wird)<\/li>\n<\/ul>\n<h3>\u00a0Vor Ort einkaufen<\/h3>\n<p>Eink\u00e4ufe in Plastikt\u00fcten mitnehmen (keine Papiert\u00fcten oder Pappkartons, da N\u00e4hrboden f\u00fcr Ungeziefer!). Die Plasitikt\u00fcten k\u00f6nnen als M\u00fclls\u00e4cke weiterverwendet werden.<\/p>\n<ul>\n<li>Teelichter (f\u00fcr das Selbstbauwindlicht mit einem Marmeladenglas oder Trinkglas)<\/li>\n<li>Zip-Lock-Beutel<\/li>\n<li>K\u00fcchenrolle<\/li>\n<li>Klopapier!! (max. 2-lagig und unbedruckt)<\/li>\n<li>Geschirrsp\u00fclmittel (\u00d6ko-Variante!!)<\/li>\n<li>Trinkwasser in Flaschen (2 Liter pro Person und Tag)<\/li>\n<li>sonstige Getr\u00e4nke<\/li>\n<li>Teebeutel \/ Kaffee<\/li>\n<li>Obst und Gem\u00fcse<\/li>\n<li>schlechte Kohlenhydrate: Nudeln, Reis, Kartoffeln, Brot<\/li>\n<li>Proteine: Eier, Joghurt, Quark, Milch, K\u00e4se, H\u00fclsenfr\u00fcchte in Dosen, N\u00fcsse<\/li>\n<li>\u00d6l und Essig<\/li>\n<li>Gew\u00fcrze, Salz, Pfeffer<\/li>\n<li>Zwiebeln, Knoblauch, Ingwer<\/li>\n<li>Trockenfr\u00fcchte, Salzgeb\u00e4ck (keine Schokolade!)<\/li>\n<li>Zitronen, Limetten<\/li>\n<li>bei der Auswahl beachten, dass mit kleinen schnell hergerichteten Snacks als Vorspeise die hungrige Meute erstmal ruhiggestellt werden kann, bis das Hauptgericht fertig ist \ud83d\ude09<\/li>\n<\/ul>\n","protected":false},"excerpt":{"rendered":"<p>Die folgende Liste ist auf unserer Chartertour in den Bahamas entstanden und enth\u00e4lt die Dinge, die wir als Ausstattung f\u00fcr eine Segeltour auf einem Charterboot in warmen Gew\u00e4ssern f\u00fcr notwendig erachten Dokumente Reisepass Chartervertrag \u00dcbernahmecheckliste f\u00fcr Charterboote W\u00f6rterbuch mit nautischen Begriffen und Redewendungen Sportbootf\u00fchrerschein und Segelscheine (wollte von uns keiner mehr sehen, aber sicher ist &hellip; <a href=\"https:\/\/reisen.v-74.de\/?page_id=2011\" class=\"more-link\"><span class=\"screen-reader-text\">Packliste f\u00fcr Boots-Charter in warmen Gew\u00e4ssern<\/span> weiterlesen <span class=\"meta-nav\">&rarr;<\/span><\/a><\/p>\n","protected":false},"author":2,"featured_media":2068,"parent":276,"menu_order":0,"comment_status":"open","ping_status":"closed","template":"","meta":{"footnotes":""},"_links":{"self":[{"href":"https:\/\/reisen.v-74.de\/index.php?rest_route=\/wp\/v2\/pages\/2011"}],"collection":[{"href":"https:\/\/reisen.v-74.de\/index.php?rest_route=\/wp\/v2\/pages"}],"about":[{"href":"https:\/\/reisen.v-74.de\/index.php?rest_route=\/wp\/v2\/types\/page"}],"author":[{"embeddable":true,"href":"https:\/\/reisen.v-74.de\/index.php?rest_route=\/wp\/v2\/users\/2"}],"replies":[{"embeddable":true,"href":"https:\/\/reisen.v-74.de\/index.php?rest_route=%2Fwp%2Fv2%2Fcomments&post=2011"}],"version-history":[{"count":0,"href":"https:\/\/reisen.v-74.de\/index.php?rest_route=\/wp\/v2\/pages\/2011\/revisions"}],"up":[{"embeddable":true,"href":"https:\/\/reisen.v-74.de\/index.php?rest_route=\/wp\/v2\/pages\/276"}],"wp:featuredmedia":[{"embeddable":true,"href":"https:\/\/reisen.v-74.de\/index.php?rest_route=\/wp\/v2\/media\/2068"}],"wp:attachment":[{"href":"https:\/\/reisen.v-74.de\/index.php?rest_route=%2Fwp%2Fv2%2Fmedia&parent=2011"}],"curies":[{"name":"wp","href":"https:\/\/api.w.org\/{rel}","templated":true}]}}