{"id":1432,"date":"2012-10-03T15:28:56","date_gmt":"2012-10-03T14:28:56","guid":{"rendered":"https:\/\/reisen.lorrikeet.de\/?page_id=1432"},"modified":"2012-10-03T15:43:24","modified_gmt":"2012-10-03T14:43:24","slug":"gezeichnete-reiseberichte","status":"publish","type":"page","link":"https:\/\/reisen.v-74.de\/?page_id=1432","title":{"rendered":"Gezeichnete Reiseberichte"},"content":{"rendered":"<p>Reisen ist f\u00fcr uns auch ein Anlass mal wieder ausgiebig zu fotografieren. Unsere uneingeschr\u00e4nkte Bewunderung gilt aber denen, die ihre Reiseberichte mit Zeichnungen illustrieren. Deshalb folgen hier einige Beispiele, an denen wir unsere Freude hatten:<\/p>\n<ul>\n<li>Heinrich Vogelers Reiseskizzen-Album, Usbekistan, Kaukasus, Karelien, Aserbaidschan<\/li>\n<li>Guibert, Lef\u00e8vre, Lemercier: &#8222;Der Fotograf&#8220;, Edition Moderne\n<ul>\n<li>Band 1: In den Bergen Afghanistans, 2003\/2008<\/li>\n<li>Band 2: \u00c4rzte ohne Grenzen, 2004\/2008<\/li>\n<li>Band 3: Allein nach Pakistan, 2006\/2009<\/li>\n<\/ul>\n<\/li>\n<li>Jo\u00ebl Alessandra, Atti\u00e9 Djouid Djar-Alnabi, Pascal Villecroix: &#8222;Retour du Tchad, Exp\u00e9dition sur les traces d&#8217;Andr\u00e9 Gide&#8220;, la bo\u00eete \u00e0 bulles, 2010<\/li>\n<li>Jo\u00ebl Alessandra, Pascal Villecroix: &#8222;Ennedi, la beaut\u00e9 du monde&#8220;, la bo\u00eete \u00e0 bulles, 2012<\/li>\n<\/ul>\n<p>Und noch ein paar f\u00fcr unsere Merkliste, die wir noch nicht gelesen haben, die man uns aber auch gern noch schenken darf \ud83d\ude09<\/p>\n<ul>\n<li>Christophe Blain: &#8222;carnet polaire&#8220;, Casterman, 2005<\/li>\n<li>Christophe Blain: &#8222;Carnet de Lettonie&#8220;, Casterman, 2005<\/li>\n<\/ul>\n","protected":false},"excerpt":{"rendered":"<p>Reisen ist f\u00fcr uns auch ein Anlass mal wieder ausgiebig zu fotografieren. Unsere uneingeschr\u00e4nkte Bewunderung gilt aber denen, die ihre Reiseberichte mit Zeichnungen illustrieren. Deshalb folgen hier einige Beispiele, an denen wir unsere Freude hatten: Heinrich Vogelers Reiseskizzen-Album, Usbekistan, Kaukasus, Karelien, Aserbaidschan Guibert, Lef\u00e8vre, Lemercier: &#8222;Der Fotograf&#8220;, Edition Moderne Band 1: In den Bergen Afghanistans, &hellip; <a href=\"https:\/\/reisen.v-74.de\/?page_id=1432\" class=\"more-link\"><span class=\"screen-reader-text\">Gezeichnete Reiseberichte<\/span> weiterlesen <span class=\"meta-nav\">&rarr;<\/span><\/a><\/p>\n","protected":false},"author":2,"featured_media":0,"parent":276,"menu_order":0,"comment_status":"open","ping_status":"closed","template":"","meta":{"footnotes":""},"_links":{"self":[{"href":"https:\/\/reisen.v-74.de\/index.php?rest_route=\/wp\/v2\/pages\/1432"}],"collection":[{"href":"https:\/\/reisen.v-74.de\/index.php?rest_route=\/wp\/v2\/pages"}],"about":[{"href":"https:\/\/reisen.v-74.de\/index.php?rest_route=\/wp\/v2\/types\/page"}],"author":[{"embeddable":true,"href":"https:\/\/reisen.v-74.de\/index.php?rest_route=\/wp\/v2\/users\/2"}],"replies":[{"embeddable":true,"href":"https:\/\/reisen.v-74.de\/index.php?rest_route=%2Fwp%2Fv2%2Fcomments&post=1432"}],"version-history":[{"count":0,"href":"https:\/\/reisen.v-74.de\/index.php?rest_route=\/wp\/v2\/pages\/1432\/revisions"}],"up":[{"embeddable":true,"href":"https:\/\/reisen.v-74.de\/index.php?rest_route=\/wp\/v2\/pages\/276"}],"wp:attachment":[{"href":"https:\/\/reisen.v-74.de\/index.php?rest_route=%2Fwp%2Fv2%2Fmedia&parent=1432"}],"curies":[{"name":"wp","href":"https:\/\/api.w.org\/{rel}","templated":true}]}}