{"id":1248,"date":"2012-02-05T21:00:13","date_gmt":"2012-02-05T21:00:13","guid":{"rendered":"http:\/\/v-74.de\/Reisen\/?page_id=1248"},"modified":"2021-04-05T16:09:30","modified_gmt":"2021-04-05T15:09:30","slug":"historische-reiseberichte","status":"publish","type":"page","link":"https:\/\/reisen.v-74.de\/?page_id=1248","title":{"rendered":"Historische Reiseberichte"},"content":{"rendered":"<p>Zur Vorbereitung auf unsere Reisen oder als Lekt\u00fcre f\u00fcr unterwegs lesen wir auch gern historische Reiseberichte. Die folgenden Berichte gefallen uns besonders gut:<\/p>\n<ul>\n<li>Adelbert von Chamisso: &#8222;Reise um die Welt mit der Romanzoffischen Entdeckungs-Expedition in den Jahren 1815 &#8211; 1818 auf der Brigg Rurik, Kapit\u00e4n Otto von Kotzebue&#8220; (siehe auch den <a title=\"Wie eine Kanonenkugel um den Erdball geschossen\u2026\" href=\"https:\/\/reisen.v-74.de\/?p=494\">Blogeintrag vom 12.9.2010<\/a>)<\/li>\n<li>Herman Melville: &#8222;<a href=\"http:\/\/www.gutenberg.org\/ebooks\/1900\">Typee<\/a>&#8220; und &#8222;Omoo&#8220; (Reisen auf verschiedenen Walf\u00e4ngern im Pazifik und Aufenthalte auf mehreren polynesischen Inseln)<\/li>\n<li>Francis Yeats-Brown: &#8222;Caught by the Turks&#8220; (Ein britischer Offizier im 1. Weltkrieg in t\u00fcrkischer Gefangenschaft auf dem Weg von Bagdad nach Istanbul)<\/li>\n<li>Richard Hakluyt: &#8222;The Principal Navigations, Voyages, Traffiques and Discoveries of the English Nation&#8220; (u.a. mit einer haarstr\u00e4ubenden Erz\u00e4hlung eines \u00dcberfalls auf La Gomera)<\/li>\n<li>Edvard Everett: &#8222;<a href=\"http:\/\/www.gutenberg.org\/files\/1492\/1492-h\/1492-h.htm\" target=\"_blank\" rel=\"noopener\">The Life of Columbus from his own Letters and Journals and other documents of his time<\/a>&#8222;<\/li>\n<\/ul>\n","protected":false},"excerpt":{"rendered":"<p>Zur Vorbereitung auf unsere Reisen oder als Lekt\u00fcre f\u00fcr unterwegs lesen wir auch gern historische Reiseberichte. Die folgenden Berichte gefallen uns besonders gut: Adelbert von Chamisso: &#8222;Reise um die Welt mit der Romanzoffischen Entdeckungs-Expedition in den Jahren 1815 &#8211; 1818 auf der Brigg Rurik, Kapit\u00e4n Otto von Kotzebue&#8220; (siehe auch den Blogeintrag vom 12.9.2010) Herman &hellip; <a href=\"https:\/\/reisen.v-74.de\/?page_id=1248\" class=\"more-link\"><span class=\"screen-reader-text\">Historische Reiseberichte<\/span> weiterlesen <span class=\"meta-nav\">&rarr;<\/span><\/a><\/p>\n","protected":false},"author":2,"featured_media":0,"parent":276,"menu_order":0,"comment_status":"open","ping_status":"closed","template":"","meta":{"footnotes":""},"_links":{"self":[{"href":"https:\/\/reisen.v-74.de\/index.php?rest_route=\/wp\/v2\/pages\/1248"}],"collection":[{"href":"https:\/\/reisen.v-74.de\/index.php?rest_route=\/wp\/v2\/pages"}],"about":[{"href":"https:\/\/reisen.v-74.de\/index.php?rest_route=\/wp\/v2\/types\/page"}],"author":[{"embeddable":true,"href":"https:\/\/reisen.v-74.de\/index.php?rest_route=\/wp\/v2\/users\/2"}],"replies":[{"embeddable":true,"href":"https:\/\/reisen.v-74.de\/index.php?rest_route=%2Fwp%2Fv2%2Fcomments&post=1248"}],"version-history":[{"count":2,"href":"https:\/\/reisen.v-74.de\/index.php?rest_route=\/wp\/v2\/pages\/1248\/revisions"}],"predecessor-version":[{"id":4470,"href":"https:\/\/reisen.v-74.de\/index.php?rest_route=\/wp\/v2\/pages\/1248\/revisions\/4470"}],"up":[{"embeddable":true,"href":"https:\/\/reisen.v-74.de\/index.php?rest_route=\/wp\/v2\/pages\/276"}],"wp:attachment":[{"href":"https:\/\/reisen.v-74.de\/index.php?rest_route=%2Fwp%2Fv2%2Fmedia&parent=1248"}],"curies":[{"name":"wp","href":"https:\/\/api.w.org\/{rel}","templated":true}]}}